{"id":3,"date":"2022-06-17T09:33:43","date_gmt":"2022-06-17T07:33:43","guid":{"rendered":"https:\/\/store.cocinacaserayfacil.net\/?page_id=3"},"modified":"2022-06-27T10:46:04","modified_gmt":"2022-06-27T08:46:04","slug":"politica-privacidad","status":"publish","type":"page","link":"https:\/\/store.cocinacaserayfacil.net\/?page_id=3","title":{"rendered":"Pol\u00edtica de privacidad"},"content":{"rendered":"\n<h2 class=\"wp-block-heading\">Qui\u00e9nes somos<\/h2>\n\n\n\n<p>Cocina Casera y F\u00e1cil es una p\u00e1gina web perteneciente de Piensa en Recetear SL, con NIF B01567577 y situada en Calle Etorbide n\u00ba 1 de Mendarozketa (\u00c1lava). Para ponerte en contacto con el administrador de esta p\u00e1gina, puedes hacerlo en la direcci\u00f3n de correo electr\u00f3nico Contacto@CocinaCaseraYFacil.net<\/p>\n\n\n\n<h2 class=\"wp-block-heading\">Responsabilidad por el contenido del Sitio Web<\/h2>\n\n\n\n<p>Este sitio web contiene textos elaborados con fines meramente informativos o divulgativos que no deben ser tomados por el usuario como verdades irrefutables y cuyos tiempos y mediciones pueden ser no adecuadas a todas las herramientas de cocina o ingredientes descritos en cada receta. As\u00ed mismo, los ingredientes pueden variar en funci\u00f3n del tipo de cocina o pa\u00eds del plato en cuesti\u00f3n. El contenido de los art\u00edculos publicados en este sitio web no puede ser considerado, en ning\u00fan caso, sustitutivo de ning\u00fan tipo de cocina.<\/p>\n\n\n\n<h2 class=\"wp-block-heading\">Qu\u00e9 datos personales recogemos y por qu\u00e9 los recogemos<\/h2>\n\n\n\n<h3 class=\"wp-block-heading\">Pol\u00edtica de privacidad de los Comentarios<\/h3>\n\n\n\n<p>Cuando los visitantes dejan comentarios en la web, recopilamos los datos que se muestran en el formulario de comentarios, as\u00ed como la direcci\u00f3n IP del visitante y la cadena de agentes de usuario del navegador para ayudar a la detecci\u00f3n y eliminaci\u00f3n de spam. Estos datos se almacenan en los ficheros de WordPress.org y jam\u00e1s se compartir\u00e1n con terceros.<\/p>\n\n\n\n<p>Una cadena an\u00f3nima creada a partir de tu direcci\u00f3n de correo electr\u00f3nico (tambi\u00e9n llamada hash) puede ser proporcionada al servicio de Gravatar para ver si la est\u00e1s usando. La pol\u00edtica de privacidad del servicio Gravatar est\u00e1 disponible aqu\u00ed: https:\/\/automattic.com\/privacy\/. Despu\u00e9s de la aprobaci\u00f3n de tu comentario, la imagen de tu perfil es visible para el p\u00fablico en el contexto de su comentario.<\/p>\n\n\n\n<h3 class=\"wp-block-heading\">Pol\u00edtica de publicaci\u00f3n de los comentarios<\/h3>\n\n\n\n<p>Cocina Casera y F\u00e1cil apuesta por la libertad de expresi\u00f3n, el libre flujo de opiniones e ideas en sus comentarios. Todo usuario puede emplear el caj\u00f3n de \u00abcomentarios\u00bb situado bajo cada receta para exponer alguna duda, dar su opini\u00f3n o incluso discernir con la elaboraci\u00f3n de alguna receta. No obstante el administrador se reserva el derecho a eliminar aquellos comentarios que falten al respeto de alguna manera, incluyendo pero no limitando los insultos, a otros usuarios, a este sitio web o al propio administrador. El administrador tambi\u00e9n se reserva el derecho a eliminar los comentarios considerados como Spam (aquellos que no aporten nada al tema o no est\u00e9n relacionados con el mismo). Este sitio web entiende que cualquiera que utilice el caj\u00f3n de comentarios, acepta esta pol\u00edtica de comentarios.<\/p>\n\n\n\n<h3 class=\"wp-block-heading\">Formularios de contacto<\/h3>\n\n\n\n<p>Cocina Casera y F\u00e1cil cuenta con un formulario de Contacto. En \u00e9l, se solicita el nombre de la persona o la empresa que quiere ponerse en contacto con el administrador, el asunto del mensaje y el mensaje en s\u00ed. Aunque cualquiera puede utilizar el formulario de contacto, s\u00f3lo aquellas personas con fines empresariales o administrativos recibir\u00e1n respuesta. Es decir, que \u00e9ste no se trata de un buz\u00f3n de comentarios, sugerencias, dudas, ni de otra \u00edndole similar. Tan s\u00f3lo se trata de un buz\u00f3n para que las administraciones o empresas se puedan poner en contacto, de forma sencilla y f\u00e1cil, con el administrador. La \u00fanica excepci\u00f3n a esta regla, ser\u00e1 los usuarios que deseen ejercer sus derechos a la privacidad de sus datos (se explica m\u00e1s adelante.<\/p>\n\n\n\n<p>A fin de que el administrador pueda emitir una respuesta, podr\u00e1 ver el nombre y el correo electr\u00f3nico del emisor del mensaje. Ninguno de estos datos se almacena en ning\u00fan lugar ni se comparte con terceros.<\/p>\n\n\n\n<h3 class=\"wp-block-heading\">Cookies<\/h3>\n\n\n\n<p>Si dejas un comentario en nuestro sitio puedes elegir guardar tu nombre, direcci\u00f3n de correo electr\u00f3nico y web en cookies. Esto es para tu comodidad, para que no tengas que volver a rellenar tus datos cuando dejes otro comentario. Estas cookies tendr\u00e1n una duraci\u00f3n de un a\u00f1o.<\/p>\n\n\n\n<p>Si tienes una cuenta y te conectas a este sitio, instalaremos una cookie temporal para determinar si tu navegador acepta cookies. Esta cookie no contiene datos personales y se elimina al cerrar el navegador.<\/p>\n\n\n\n<p>Puedes ver la pol\u00edtica completa de cookies <a href=\"https:\/\/www.cocinacaserayfacil.net\/politica-de-cookies\/\">aqu\u00ed<\/a><\/p>\n\n\n\n<h3 class=\"wp-block-heading\">Contenido incrustado de otros sitios web<\/h3>\n\n\n\n<p>Los art\u00edculos de este sitio pueden incluir contenido v\u00eddeo incrustado Youtube. El contenido incrustado de \u00e9sta y otras webs, se comportan exactamente de la misma manera que si el visitante hubiera visitado dicha web.<\/p>\n\n\n\n<p>Estas webs pueden recopilar datos sobre ti, utilizar cookies, incrustar un seguimiento adicional de terceros, y supervisar tu interacci\u00f3n con ese contenido incrustado, incluido el seguimiento de su interacci\u00f3n con el contenido incrustado si tienes una cuenta y est\u00e1s conectado a esa web.<\/p>\n\n\n\n<h3 class=\"wp-block-heading\">Anal\u00edtica<\/h3>\n\n\n\n<p>Cocina Casera y F\u00e1cil utiliza una herramienta de anal\u00edtica para medir el n\u00famero de visitas a este sitio web. Estos datos son completamente an\u00f3nimos y se utilizan para emprender acciones que mejoren la experiencia del usuario. Puedes consultar la privacidad de esta herramienta, llamada Google Analytics, haciendo clic <a href=\"https:\/\/www.google.com\/analytics\/learn\/privacy.html?hl=es\">aqu\u00ed<\/a><\/p>\n\n\n\n<p>Cocina Casera y F\u00e1cil, tambi\u00e9n utiliza otra herramienta llamada Google Adsense. \u00c9sta, se trata de una herramienta de publicidad gestionada por Google y su fin, es el de mantener este sitio web, econ\u00f3micamente hablando. Puedes consultar la privacidad de Google, incluyendo la privacidad de la publicidad, <a href=\"https:\/\/policies.google.com\/privacy?hl=es\">aqu\u00ed<\/a><\/p>\n\n\n\n<h3 class=\"wp-block-heading\">Uso del Social Analytics for Sharing<\/h3>\n\n\n\n<p><em>Cocina Casera y F\u00e1cil<\/em> usa <em>Google Analytics<\/em> para rastrear las acciones sociales realizadas en nuestro sitio web. Google recopila y almacena autom\u00e1ticamente cierta informaci\u00f3n en los registros de su servidor, que incluye informaci\u00f3n de eventos del dispositivo, como fallas, actividad del sistema, configuraciones de hardware, tipo de navegador, idioma del navegador, la fecha y hora de su solicitud y URL de referencia, cookies que pueden identificar de manera \u00fanica su navegador. o su cuenta de Google, de acuerdo con su pol\u00edtica de privacidad de datos: https:\/\/policies.google.com\/privacy<\/p>\n\n\n\n<h2 class=\"wp-block-heading\">Con qui\u00e9n compartimos tus datos<\/h2>\n\n\n\n<p>Cocina Casera y F\u00e1cil comparte tus datos con las anal\u00edticas anteriormente mencionadas. Aunque estos datos son totalmente an\u00f3nimos, s\u00ed comparten datos de origen geogr\u00e1fico sexo y edad. Nunca datos personales como nombre, apellidos, direcciones postales, o de correo electr\u00f3nico. Adem\u00e1s, Cocina Casera y F\u00e1cil, comparte tu nombre y direcci\u00f3n de correo electr\u00f3nico (en caso de escribir un comentario o de utilizar la secci\u00f3n \u00abcontacto\u00bb) con webempresa. La empresa que ofrece hosting a esta web. La \u00fanica finalidad es para que dichos datos y los comentarios puedan permanecer publicados de forma permanente a todo el p\u00fablico. Puedes ver su pol\u00edtica de privacidad <a href=\"https:\/\/www.webempresa.com\/aviso-legal.html\">aqu\u00ed<\/a><\/p>\n\n\n\n<h2 class=\"wp-block-heading\">Cu\u00e1nto tiempo conservamos tus datos<\/h2>\n\n\n\n<p>Si dejas un comentario, el comentario y sus metadatos se conservan indefinidamente. Esto es para que podamos reconocer y aprobar comentarios sucesivos autom\u00e1ticamente en lugar de mantenerlos en una cola de moderaci\u00f3n.<\/p>\n\n\n\n<h2 class=\"wp-block-heading\">Qu\u00e9 derechos tienes sobre tus datos<\/h2>\n\n\n\n<p>Si has dejado comentarios en Cocina Casera y F\u00e1cil, puedes solicitar recibir un archivo de exportaci\u00f3n de los datos personales que tenemos sobre ti, incluyendo cualquier dato que nos hayas proporcionado. Tambi\u00e9n puedes solicitar que eliminemos cualquier dato personal que tengamos sobre ti. Para ello ve a la secci\u00f3n de contacto. En asunto escribe datos personales, y en el caj\u00f3n de comentarios, escribe los datos propios que quieres que te enviemos o eliminemos. Para comprobar la veracidad de la persona que se pone en contacto con el administrador, necesitaremos tambi\u00e9n una copia de tu documento de identidad. Esto no incluye ning\u00fan dato que estemos obligados a conservar con fines administrativos, legales o de seguridad.<\/p>\n\n\n\n<h2 class=\"wp-block-heading\">D\u00f3nde enviamos tus datos<\/h2>\n\n\n\n<p>Todos los comentarios de los visitantes ser\u00e1n revisados un servicio de detecci\u00f3n autom\u00e1tica de spam. Dicho servicio de detecci\u00f3n, al igual que Cocina Casera y F\u00e1cil garantiza la privacidad de los datos de todos los usuarios<\/p>\n\n\n\n<h3 class=\"wp-block-heading\">C\u00f3mo protegemos tus datos<\/h3>\n\n\n\n<p>Piensa en recetar SL no comparte tus datos con absolutamente nadie. Tan s\u00f3lo los almacena para los motivos mencionados anteriormente (combatir el Spam, poder emitir una respuesta para aquellas personas que se pongan en contacto con el administrador de la web, y las herramientas de anal\u00edtica).<\/p>\n\n\n\n<p>Adem\u00e1s, todas sus p\u00e1ginas webs est\u00e1n cifradas con un certificado SLL, aportando una mayor seguridad contra el hackeo y el fishing. Cocina Casera y F\u00e1cil nunca solicitar\u00e1 datos de car\u00e1cter personal, como contrase\u00f1as, cuentas bancarias, tarjetas de cr\u00e9dito, datos personales de car\u00e1cter sensible ni, en definitiva, ning\u00fan otro dato salvo el nombre y la direcci\u00f3n de correo electr\u00f3nico.<\/p>\n\n\n\n<p>Adem\u00e1s de esto, ning\u00fan empleado de Piensa en recetar SL. tiene acceso a los datos personales. Tan s\u00f3lo el administrador de la p\u00e1gina el cual, tiene pleno compromiso a no dar ning\u00fan dato de ning\u00fan usuario.<\/p>\n\n\n\n<h3 class=\"wp-block-heading\">Qu\u00e9 procedimientos utilizamos contra las brechas de datos<\/h3>\n\n\n\n<p>Piensa en recetear SL. adopta medidas de seguridad razonablemente adecuadas para detectar la existencia de virus, ataques de fuerza bruta e inyecciones de c\u00f3digo.<\/p>\n\n\n\n<p>No obstante, debes ser consciente de que las medidas de seguridad de los sistemas inform\u00e1ticos en Internet no son enteramente fiables y que, por tanto Piensa en recetear SL. no puede garantizar la inexistencia de virus u otros elementos que puedan producir alteraciones en los sistemas inform\u00e1ticos (software y hardware) del Usuario o en sus documentos electr\u00f3nicos y ficheros contenidos en los mismos.<\/p>\n\n\n\n<p>A pesar de ello, para tratar de <strong>garantizar la seguridad y privacidad de tus datos personales<\/strong>, el hosting contratado dispone de un sistema de vigilancia de seguridad activo que informa de cada actividad de los usuarios y posibles brechas en la seguridad de los datos de los usuarios.<\/p>\n\n\n\n<p>En caso de detectarse alguna brecha, Piensa en recetear SL. se compromete a <strong>informar a los usuarios en el plazo m\u00e1ximo de 72 horas<\/strong>.<\/p>\n\n\n\n<h3 class=\"wp-block-heading\">De qu\u00e9 terceros recibimos datos<\/h3>\n\n\n\n<p>No recibimos datos de terceros.<\/p>\n\n\n\n<h3 class=\"wp-block-heading\">Qu\u00e9 tipo de toma de decisiones automatizada y\/o perfilado hacemos con los datos del usuario<\/h3>\n\n\n\n<p>Los comentarios de los visitantes puede que los revise un servicio de detecci\u00f3n autom\u00e1tica de spam no publicando y borrando los positivos.<\/p>\n\n\n\n<h3 class=\"wp-block-heading\">Requerimientos regulatorios de revelaci\u00f3n de informaci\u00f3n del sector<\/h3>\n\n\n\n<p>No necesitamos saber si eres un miembro de un sector regulado, o si est\u00e1s sujeto a leyes de privacidad adicionales.<\/p>\n","protected":false},"excerpt":{"rendered":"<p>Qui\u00e9nes somos Cocina Casera y F\u00e1cil es una p\u00e1gina web perteneciente de Piensa en Recetear SL, con NIF B01567577 y situada en Calle Etorbide n\u00ba 1 de Mendarozketa (\u00c1lava). Para ponerte en contacto con el administrador de esta p\u00e1gina, puedes hacerlo en la direcci\u00f3n de correo electr\u00f3nico Contacto@CocinaCaseraYFacil.net Responsabilidad por el contenido del Sitio Web Este sitio web contiene textos elaborados con fines meramente informativos o divulgativos que no deben ser tomados por el usuario como verdades irrefutables y cuyos tiempos y mediciones pueden ser no adecuadas a todas las herramientas de cocina o ingredientes descritos en cada receta. As\u00ed <\/p>\n","protected":false},"author":1,"featured_media":0,"parent":0,"menu_order":0,"comment_status":"closed","ping_status":"closed","template":"","meta":{"footnotes":""},"class_list":["post-3","page","type-page","status-publish","hentry"],"_links":{"self":[{"href":"https:\/\/store.cocinacaserayfacil.net\/index.php?rest_route=\/wp\/v2\/pages\/3","targetHints":{"allow":["GET"]}}],"collection":[{"href":"https:\/\/store.cocinacaserayfacil.net\/index.php?rest_route=\/wp\/v2\/pages"}],"about":[{"href":"https:\/\/store.cocinacaserayfacil.net\/index.php?rest_route=\/wp\/v2\/types\/page"}],"author":[{"embeddable":true,"href":"https:\/\/store.cocinacaserayfacil.net\/index.php?rest_route=\/wp\/v2\/users\/1"}],"replies":[{"embeddable":true,"href":"https:\/\/store.cocinacaserayfacil.net\/index.php?rest_route=%2Fwp%2Fv2%2Fcomments&post=3"}],"version-history":[{"count":1,"href":"https:\/\/store.cocinacaserayfacil.net\/index.php?rest_route=\/wp\/v2\/pages\/3\/revisions"}],"predecessor-version":[{"id":42,"href":"https:\/\/store.cocinacaserayfacil.net\/index.php?rest_route=\/wp\/v2\/pages\/3\/revisions\/42"}],"wp:attachment":[{"href":"https:\/\/store.cocinacaserayfacil.net\/index.php?rest_route=%2Fwp%2Fv2%2Fmedia&parent=3"}],"curies":[{"name":"wp","href":"https:\/\/api.w.org\/{rel}","templated":true}]}}